{"id":202,"date":"2023-10-09T11:23:12","date_gmt":"2023-10-09T07:23:12","guid":{"rendered":"http:\/\/new.alov.az\/?page_id=202"},"modified":"2024-02-12T08:59:34","modified_gmt":"2024-02-12T04:59:34","slug":"gallery","status":"publish","type":"page","link":"https:\/\/xilasinyolu.online\/ru\/gallery\/","title":{"rendered":"Qalereya"},"content":{"rendered":"<p>[instagram-feed feed=2]<\/p>\n\t\t\t<div \n\t\t\tclass=\"yotu-playlist yotuwp yotu-limit-min   yotu-thumb-169  yotu-template-grid\" \n\t\t\tdata-page=\"1\"\n\t\t\tid=\"yotuwp-69f705185dd12\"\n\t\t\tdata-yotu=\"69f705185e1f3\"\n\t\t\tdata-total=\"17\"\n\t\t\tdata-settings=\"eyJ0eXBlIjoicGxheWxpc3QiLCJpZCI6IlVVSHpKdm8zMFAzc1Q4Ujg5b1BiMjlJdyIsInBhZ2luYXRpb24iOiJvbiIsInBhZ2l0eXBlIjoibG9hZG1vcmUiLCJjb2x1bW4iOiIzIiwicGVyX3BhZ2UiOiIxMiIsInRlbXBsYXRlIjoiZ3JpZCIsInRpdGxlIjoib24iLCJkZXNjcmlwdGlvbiI6Im9uIiwidGh1bWJyYXRpbyI6IjE2OSIsIm1ldGEiOiJvZmYiLCJtZXRhX2RhdGEiOiJvZmYiLCJtZXRhX3Bvc2l0aW9uIjoib2ZmIiwiZGF0ZV9mb3JtYXQiOiJvZmYiLCJtZXRhX2FsaWduIjoib2ZmIiwic3Vic2NyaWJlIjoib2ZmIiwiZHVyYXRpb24iOiJvZmYiLCJtZXRhX2ljb24iOiJvZmYiLCJuZXh0dGV4dCI6IiIsInByZXZ0ZXh0IjoiIiwibG9hZG1vcmV0ZXh0IjoiIiwicGxheWVyIjp7Im1vZGUiOiJsYXJnZSIsIndpZHRoIjoiNjAwIiwic2Nyb2xsaW5nIjoiMTAwIiwiYXV0b3BsYXkiOjAsImNvbnRyb2xzIjoxLCJtb2Rlc3RicmFuZGluZyI6MSwibG9vcCI6MCwiYXV0b25leHQiOjAsInNob3dpbmZvIjoxLCJyZWwiOjEsInBsYXlpbmciOjAsInBsYXlpbmdfZGVzY3JpcHRpb24iOjAsInRodW1ibmFpbHMiOjAsImNjX2xvYWRfcG9saWN5IjoiMSIsImNjX2xhbmdfcHJlZiI6IjEiLCJobCI6IiIsIml2X2xvYWRfcG9saWN5IjoiMSJ9LCJsYXN0X3RhYiI6InNldHRpbmdzIiwidXNlX2FzX21vZGFsIjoib2ZmIiwibW9kYWxfaWQiOiJvZmYiLCJsYXN0X3VwZGF0ZSI6IjE2NTk2ODg3NDkiLCJzdHlsaW5nIjp7InBhZ2VyX2xheW91dCI6ImNlbnRlcl9ub190ZXh0IiwiYnV0dG9uIjoiMSIsImJ1dHRvbl9jb2xvciI6IiIsImJ1dHRvbl9iZ19jb2xvciI6IiIsImJ1dHRvbl9jb2xvcl9ob3ZlciI6IiIsImJ1dHRvbl9iZ19jb2xvcl9ob3ZlciI6IiIsInZpZGVvX3N0eWxlIjoiZ3BsdXMiLCJwbGF5aWNvbl9jb2xvciI6IiIsImhvdmVyX2ljb24iOiIiLCJnYWxsZXJ5X2JnIjoiIn0sImVmZmVjdHMiOnsidmlkZW9fYm94IjoieXRlZi1mbG9hdCIsImZsaXBfZWZmZWN0IjoiIn0sImdhbGxlcnlfaWQiOiI2OWY3MDUxODVkZDEyIiwibmV4dCI6IkVBQWFCbEJVT2tOQmR3IiwicHJldiI6IiJ9\"\n\t\t\tdata-player=\"large\"\n\t\t\tdata-showdesc=\"on\" >\n\t\t\t\t<div>\n\t\t\t\t\t\t\t\t\t\t<div class=\"yotu-wrapper-player\" style=\"width:600px\">\n\t\t\t\t\t\t\t\t\t\t\t\t<div class=\"yotu-player\">\n\t\t\t\t\t\t\t<div class=\"yotu-video-placeholder\" id=\"yotu-player-69f705185e1f3\"><\/div>\n\t\t\t\t\t\t<\/div>\n\t\t\t\t\t\t<div class=\"yotu-playing-status\"><\/div>\n\t\t\t\t\t\t\t\t\t\t\t<\/div>\n\n\t\t\t\t\t<div class=\"yotu-videos yotu-mode-grid yotu-preset yotu-preset-gplus yotu-column-3 yotu-player-mode-large\">\n\t<ul>\n\t\t\t\t\t<li class=\" yotu-first\">\n\t\t\t\t\t\t\t\t<a href=\"#H2P2nAjiHZY\" class=\"yotu-video ytef-float\" data-videoid=\"H2P2nAjiHZY\" data-title=\"Murad \u0130slamov - M\u0259n\u0259vi intibaha aparan yol\" title=\"Murad \u0130slamov - M\u0259n\u0259vi intibaha aparan yol\">\n\t\t\t\t\t<div class=\"yotu-video-thumb-wrp\">\n\t\t\t\t\t\t<div>\n\t\t\t\t\t\t\t\t\t\t\t\t\t\t<img decoding=\"async\" class=\"yotu-video-thumb\" src=\"https:\/\/i.ytimg.com\/vi\/H2P2nAjiHZY\/sddefault.jpg\" alt=\"Murad \u0130slamov - M\u0259n\u0259vi intibaha aparan yol\">\t\n\t\t\t\t\t\t\t\t\t\t\t\t\t<\/div>\n\t\t\t\t\t<\/div>\n\t\t\t\t\t\t\t\t\t\t\t<h3 class=\"yotu-video-title\">Murad \u0130slamov - M\u0259n\u0259vi intibaha aparan yol<\/h3>\n\t\t\t\t\t\t\t\t\t\t\t\t\t\t\t\t\t\t\t\t\t<div class=\"yotu-video-description\"><\/div>\n\t\t\t\t\t\t\t\t\t<\/a>\n\t\t\t\t\t\t\t<\/li>\n\t\t\t\t\n\t\t\t\t\t\t<li class=\"\">\n\t\t\t\t\t\t\t\t<a href=\"#u9uzrW_rGyo\" class=\"yotu-video ytef-float\" data-videoid=\"u9uzrW_rGyo\" data-title=\"\u0130dris M\u0259mm\u0259dov - Multikulturalizm v\u0259 birg\u0259ya\u015fay\u0131\u015f | Din v\u0259 c\u0259miyy\u0259t - 24.06.2022 | \u0130ctimati TV\" title=\"\u0130dris M\u0259mm\u0259dov - Multikulturalizm v\u0259 birg\u0259ya\u015fay\u0131\u015f | Din v\u0259 c\u0259miyy\u0259t - 24.06.2022 | \u0130ctimati TV\">\n\t\t\t\t\t<div class=\"yotu-video-thumb-wrp\">\n\t\t\t\t\t\t<div>\n\t\t\t\t\t\t\t\t\t\t\t\t\t\t<img decoding=\"async\" class=\"yotu-video-thumb\" src=\"https:\/\/i.ytimg.com\/vi\/u9uzrW_rGyo\/sddefault.jpg\" alt=\"\u0130dris M\u0259mm\u0259dov - Multikulturalizm v\u0259 birg\u0259ya\u015fay\u0131\u015f | Din v\u0259 c\u0259miyy\u0259t - 24.06.2022 | \u0130ctimati TV\">\t\n\t\t\t\t\t\t\t\t\t\t\t\t\t<\/div>\n\t\t\t\t\t<\/div>\n\t\t\t\t\t\t\t\t\t\t\t<h3 class=\"yotu-video-title\">\u0130dris M\u0259mm\u0259dov - Multikulturalizm v\u0259 birg\u0259ya\u015fay\u0131\u015f | Din v\u0259 c\u0259miyy\u0259t - 24.06.2022 | \u0130ctimati TV<\/h3>\n\t\t\t\t\t\t\t\t\t\t\t\t\t\t\t\t\t\t\t\t\t<div class=\"yotu-video-description\"><\/div>\n\t\t\t\t\t\t\t\t\t<\/a>\n\t\t\t\t\t\t\t<\/li>\n\t\t\t\t\n\t\t\t\t\t\t<li class=\"\">\n\t\t\t\t\t\t\t\t<a href=\"#fuBpk9fY33w\" class=\"yotu-video ytef-float\" data-videoid=\"fuBpk9fY33w\" data-title=\"Din v\u0259 c\u0259miyy\u0259t | 24.06.2022 saat 18:25 \u0130TV - \u0130dris M\u0259mm\u0259dov - \u201cAlov\u201d xristian dini icmas\u0131n\u0131n s\u0259dri\" title=\"Din v\u0259 c\u0259miyy\u0259t | 24.06.2022 saat 18:25 \u0130TV - \u0130dris M\u0259mm\u0259dov - \u201cAlov\u201d xristian dini icmas\u0131n\u0131n s\u0259dri\">\n\t\t\t\t\t<div class=\"yotu-video-thumb-wrp\">\n\t\t\t\t\t\t<div>\n\t\t\t\t\t\t\t\t\t\t\t\t\t\t<img decoding=\"async\" class=\"yotu-video-thumb\" src=\"https:\/\/i.ytimg.com\/vi\/fuBpk9fY33w\/hqdefault.jpg\" alt=\"Din v\u0259 c\u0259miyy\u0259t | 24.06.2022 saat 18:25 \u0130TV - \u0130dris M\u0259mm\u0259dov - \u201cAlov\u201d xristian dini icmas\u0131n\u0131n s\u0259dri\">\t\n\t\t\t\t\t\t\t\t\t\t\t\t\t<\/div>\n\t\t\t\t\t<\/div>\n\t\t\t\t\t\t\t\t\t\t\t<h3 class=\"yotu-video-title\">Din v\u0259 c\u0259miyy\u0259t | 24.06.2022 saat 18:25 \u0130TV - \u0130dris M\u0259mm\u0259dov - \u201cAlov\u201d xristian dini icmas\u0131n\u0131n s\u0259dri<\/h3>\n\t\t\t\t\t\t\t\t\t\t\t\t\t\t\t\t\t\t\t\t\t<div class=\"yotu-video-description\"><\/div>\n\t\t\t\t\t\t\t\t\t<\/a>\n\t\t\t\t\t\t\t<\/li>\n\t\t\t\t\n\t\t\t\t\t\t<li class=\"\">\n\t\t\t\t\t\t\t\t<a href=\"#lSdrMwIcDYc\" class=\"yotu-video ytef-float\" data-videoid=\"lSdrMwIcDYc\" data-title=\"\u0130dris M\u0259mm\u0259dov - Az\u0259rbaycan\u00e7\u0131l\u0131q: dini h\u0259mr\u0259ylik v\u0259 birg\u0259ya\u015fay\u0131\u015f\u0131n qarant\u0131\" title=\"\u0130dris M\u0259mm\u0259dov - Az\u0259rbaycan\u00e7\u0131l\u0131q: dini h\u0259mr\u0259ylik v\u0259 birg\u0259ya\u015fay\u0131\u015f\u0131n qarant\u0131\">\n\t\t\t\t\t<div class=\"yotu-video-thumb-wrp\">\n\t\t\t\t\t\t<div>\n\t\t\t\t\t\t\t\t\t\t\t\t\t\t<img decoding=\"async\" class=\"yotu-video-thumb\" src=\"https:\/\/i.ytimg.com\/vi\/lSdrMwIcDYc\/sddefault.jpg\" alt=\"\u0130dris M\u0259mm\u0259dov - Az\u0259rbaycan\u00e7\u0131l\u0131q: dini h\u0259mr\u0259ylik v\u0259 birg\u0259ya\u015fay\u0131\u015f\u0131n qarant\u0131\">\t\n\t\t\t\t\t\t\t\t\t\t\t\t\t<\/div>\n\t\t\t\t\t<\/div>\n\t\t\t\t\t\t\t\t\t\t\t<h3 class=\"yotu-video-title\">\u0130dris M\u0259mm\u0259dov - Az\u0259rbaycan\u00e7\u0131l\u0131q: dini h\u0259mr\u0259ylik v\u0259 birg\u0259ya\u015fay\u0131\u015f\u0131n qarant\u0131<\/h3>\n\t\t\t\t\t\t\t\t\t\t\t\t\t\t\t\t\t\t\t\t\t<div class=\"yotu-video-description\"><\/div>\n\t\t\t\t\t\t\t\t\t<\/a>\n\t\t\t\t\t\t\t<\/li>\n\t\t\t\t\n\t\t\t\t\t\t<li class=\"\">\n\t\t\t\t\t\t\t\t<a href=\"#OUBZ2jlr6Nc\" class=\"yotu-video ytef-float\" data-videoid=\"OUBZ2jlr6Nc\" data-title=\"O\u011fuzda \u201cAz\u0259rbaycan\u00e7\u0131l\u0131q: dini h\u0259mr\u0259ylik v\u0259 birg\u0259ya\u015fay\u0131\u015f\u0131n qarant\u0131\u201d m\u00f6vzusunda konfrans ke\u00e7irilib.\" title=\"O\u011fuzda \u201cAz\u0259rbaycan\u00e7\u0131l\u0131q: dini h\u0259mr\u0259ylik v\u0259 birg\u0259ya\u015fay\u0131\u015f\u0131n qarant\u0131\u201d m\u00f6vzusunda konfrans ke\u00e7irilib.\">\n\t\t\t\t\t<div class=\"yotu-video-thumb-wrp\">\n\t\t\t\t\t\t<div>\n\t\t\t\t\t\t\t\t\t\t\t\t\t\t<img decoding=\"async\" class=\"yotu-video-thumb\" src=\"https:\/\/i.ytimg.com\/vi\/OUBZ2jlr6Nc\/sddefault.jpg\" alt=\"O\u011fuzda \u201cAz\u0259rbaycan\u00e7\u0131l\u0131q: dini h\u0259mr\u0259ylik v\u0259 birg\u0259ya\u015fay\u0131\u015f\u0131n qarant\u0131\u201d m\u00f6vzusunda konfrans ke\u00e7irilib.\">\t\n\t\t\t\t\t\t\t\t\t\t\t\t\t<\/div>\n\t\t\t\t\t<\/div>\n\t\t\t\t\t\t\t\t\t\t\t<h3 class=\"yotu-video-title\">O\u011fuzda \u201cAz\u0259rbaycan\u00e7\u0131l\u0131q: dini h\u0259mr\u0259ylik v\u0259 birg\u0259ya\u015fay\u0131\u015f\u0131n qarant\u0131\u201d m\u00f6vzusunda konfrans ke\u00e7irilib.<\/h3>\n\t\t\t\t\t\t\t\t\t\t\t\t\t\t\t\t\t\t\t\t\t<div class=\"yotu-video-description\"><\/div>\n\t\t\t\t\t\t\t\t\t<\/a>\n\t\t\t\t\t\t\t<\/li>\n\t\t\t\t\n\t\t\t\t\t\t<li class=\"\">\n\t\t\t\t\t\t\t\t<a href=\"#QMyCPva4stg\" class=\"yotu-video ytef-float\" data-videoid=\"QMyCPva4stg\" data-title=\"Bak\u0131 \u015f\u0259h\u0259rind\u0259 \u0130ncil kitab\u0131n\u0131 pulsuz olaraq h\u0259diyy\u0259 kimi \u0259ld\u0259 etm\u0259k ist\u0259y\u0259nl\u0259r\u0259 kils\u0259mizin \u00fcnvan\u0131\" title=\"Bak\u0131 \u015f\u0259h\u0259rind\u0259 \u0130ncil kitab\u0131n\u0131 pulsuz olaraq h\u0259diyy\u0259 kimi \u0259ld\u0259 etm\u0259k ist\u0259y\u0259nl\u0259r\u0259 kils\u0259mizin \u00fcnvan\u0131\">\n\t\t\t\t\t<div class=\"yotu-video-thumb-wrp\">\n\t\t\t\t\t\t<div>\n\t\t\t\t\t\t\t\t\t\t\t\t\t\t<img decoding=\"async\" class=\"yotu-video-thumb\" src=\"https:\/\/i.ytimg.com\/vi\/QMyCPva4stg\/sddefault.jpg\" alt=\"Bak\u0131 \u015f\u0259h\u0259rind\u0259 \u0130ncil kitab\u0131n\u0131 pulsuz olaraq h\u0259diyy\u0259 kimi \u0259ld\u0259 etm\u0259k ist\u0259y\u0259nl\u0259r\u0259 kils\u0259mizin \u00fcnvan\u0131\">\t\n\t\t\t\t\t\t\t\t\t\t\t\t\t<\/div>\n\t\t\t\t\t<\/div>\n\t\t\t\t\t\t\t\t\t\t\t<h3 class=\"yotu-video-title\">Bak\u0131 \u015f\u0259h\u0259rind\u0259 \u0130ncil kitab\u0131n\u0131 pulsuz olaraq h\u0259diyy\u0259 kimi \u0259ld\u0259 etm\u0259k ist\u0259y\u0259nl\u0259r\u0259 kils\u0259mizin \u00fcnvan\u0131<\/h3>\n\t\t\t\t\t\t\t\t\t\t\t\t\t\t\t\t\t\t\t\t\t<div class=\"yotu-video-description\"><\/div>\n\t\t\t\t\t\t\t\t\t<\/a>\n\t\t\t\t\t\t\t<\/li>\n\t\t\t\t\n\t\t\t\t\t\t<li class=\"\">\n\t\t\t\t\t\t\t\t<a href=\"#Pf6-DLC4h2o\" class=\"yotu-video ytef-float\" data-videoid=\"Pf6-DLC4h2o\" data-title=\"M\u00fcq\u0259dd\u0259s Kitabdan Ruhun qidas\u0131 olan g\u00fcnd\u0259lik \u00e7\u00f6r\u0259yi dinl\u0259m\u0259k \u00fc\u00e7\u00fcn biz\u0259 m\u00fcraci\u0259t edin.\" title=\"M\u00fcq\u0259dd\u0259s Kitabdan Ruhun qidas\u0131 olan g\u00fcnd\u0259lik \u00e7\u00f6r\u0259yi dinl\u0259m\u0259k \u00fc\u00e7\u00fcn biz\u0259 m\u00fcraci\u0259t edin.\">\n\t\t\t\t\t<div class=\"yotu-video-thumb-wrp\">\n\t\t\t\t\t\t<div>\n\t\t\t\t\t\t\t\t\t\t\t\t\t\t<img decoding=\"async\" class=\"yotu-video-thumb\" src=\"https:\/\/i.ytimg.com\/vi\/Pf6-DLC4h2o\/sddefault.jpg\" alt=\"M\u00fcq\u0259dd\u0259s Kitabdan Ruhun qidas\u0131 olan g\u00fcnd\u0259lik \u00e7\u00f6r\u0259yi dinl\u0259m\u0259k \u00fc\u00e7\u00fcn biz\u0259 m\u00fcraci\u0259t edin.\">\t\n\t\t\t\t\t\t\t\t\t\t\t\t\t<\/div>\n\t\t\t\t\t<\/div>\n\t\t\t\t\t\t\t\t\t\t\t<h3 class=\"yotu-video-title\">M\u00fcq\u0259dd\u0259s Kitabdan Ruhun qidas\u0131 olan g\u00fcnd\u0259lik \u00e7\u00f6r\u0259yi dinl\u0259m\u0259k \u00fc\u00e7\u00fcn biz\u0259 m\u00fcraci\u0259t edin.<\/h3>\n\t\t\t\t\t\t\t\t\t\t\t\t\t\t\t\t\t\t\t\t\t<div class=\"yotu-video-description\"><\/div>\n\t\t\t\t\t\t\t\t\t<\/a>\n\t\t\t\t\t\t\t<\/li>\n\t\t\t\t\n\t\t\t\t\t\t<li class=\"\">\n\t\t\t\t\t\t\t\t<a href=\"#kVDgQ5prVkY\" class=\"yotu-video ytef-float\" data-videoid=\"kVDgQ5prVkY\" data-title=\"\u0130lahi (\u0130lqar) - S\u0259nin h\u00fczurunda (SokolovBrothers - \u0422\u0432\u043e\u0439 \u0434\u043e\u043c) (Az\u0259rbaycan M\u0259sihci | xristian ilahisi)\" title=\"\u0130lahi (\u0130lqar) - S\u0259nin h\u00fczurunda (SokolovBrothers - \u0422\u0432\u043e\u0439 \u0434\u043e\u043c) (Az\u0259rbaycan M\u0259sihci | xristian ilahisi)\">\n\t\t\t\t\t<div class=\"yotu-video-thumb-wrp\">\n\t\t\t\t\t\t<div>\n\t\t\t\t\t\t\t\t\t\t\t\t\t\t<img decoding=\"async\" class=\"yotu-video-thumb\" src=\"https:\/\/i.ytimg.com\/vi\/kVDgQ5prVkY\/sddefault.jpg\" alt=\"\u0130lahi (\u0130lqar) - S\u0259nin h\u00fczurunda (SokolovBrothers - \u0422\u0432\u043e\u0439 \u0434\u043e\u043c) (Az\u0259rbaycan M\u0259sihci | xristian ilahisi)\">\t\n\t\t\t\t\t\t\t\t\t\t\t\t\t<\/div>\n\t\t\t\t\t<\/div>\n\t\t\t\t\t\t\t\t\t\t\t<h3 class=\"yotu-video-title\">\u0130lahi (\u0130lqar) - S\u0259nin h\u00fczurunda (SokolovBrothers - \u0422\u0432\u043e\u0439 \u0434\u043e\u043c) (Az\u0259rbaycan M\u0259sihci | xristian ilahisi)<\/h3>\n\t\t\t\t\t\t\t\t\t\t\t\t\t\t\t\t\t\t\t\t\t<div class=\"yotu-video-description\"><\/div>\n\t\t\t\t\t\t\t\t\t<\/a>\n\t\t\t\t\t\t\t<\/li>\n\t\t\t\t\n\t\t\t\t\t\t<li class=\"\">\n\t\t\t\t\t\t\t\t<a href=\"#NHGjgnLsYnA\" class=\"yotu-video ytef-float\" data-videoid=\"NHGjgnLsYnA\" data-title=\"M\u0259sihcil\u0259r | Xristianlar niy\u0259 M\u00fcq\u0259dd\u0259s Kitab - \u0130ncil kitab\u0131na inan\u0131rlar? \u0130ncil kitab\u0131 n\u0259 \u00f6yr\u0259dir?\" title=\"M\u0259sihcil\u0259r | Xristianlar niy\u0259 M\u00fcq\u0259dd\u0259s Kitab - \u0130ncil kitab\u0131na inan\u0131rlar? \u0130ncil kitab\u0131 n\u0259 \u00f6yr\u0259dir?\">\n\t\t\t\t\t<div class=\"yotu-video-thumb-wrp\">\n\t\t\t\t\t\t<div>\n\t\t\t\t\t\t\t\t\t\t\t\t\t\t<img decoding=\"async\" class=\"yotu-video-thumb\" src=\"https:\/\/i.ytimg.com\/vi\/NHGjgnLsYnA\/sddefault.jpg\" alt=\"M\u0259sihcil\u0259r | Xristianlar niy\u0259 M\u00fcq\u0259dd\u0259s Kitab - \u0130ncil kitab\u0131na inan\u0131rlar? \u0130ncil kitab\u0131 n\u0259 \u00f6yr\u0259dir?\">\t\n\t\t\t\t\t\t\t\t\t\t\t\t\t<\/div>\n\t\t\t\t\t<\/div>\n\t\t\t\t\t\t\t\t\t\t\t<h3 class=\"yotu-video-title\">M\u0259sihcil\u0259r | Xristianlar niy\u0259 M\u00fcq\u0259dd\u0259s Kitab - \u0130ncil kitab\u0131na inan\u0131rlar? \u0130ncil kitab\u0131 n\u0259 \u00f6yr\u0259dir?<\/h3>\n\t\t\t\t\t\t\t\t\t\t\t\t\t\t\t\t\t\t\t\t\t<div class=\"yotu-video-description\"><\/div>\n\t\t\t\t\t\t\t\t\t<\/a>\n\t\t\t\t\t\t\t<\/li>\n\t\t\t\t\n\t\t\t\t\t\t<li class=\"\">\n\t\t\t\t\t\t\t\t<a href=\"#wWlo9xOjx1U\" class=\"yotu-video ytef-float\" data-videoid=\"wWlo9xOjx1U\" data-title=\"M\u00fcq\u0259dd\u0259s Kitab\u0131n t\u0259yinat\u0131 n\u0259dir? R\u0259bb Allah\u0131n irad\u0259si n\u0259dir?\" title=\"M\u00fcq\u0259dd\u0259s Kitab\u0131n t\u0259yinat\u0131 n\u0259dir? R\u0259bb Allah\u0131n irad\u0259si n\u0259dir?\">\n\t\t\t\t\t<div class=\"yotu-video-thumb-wrp\">\n\t\t\t\t\t\t<div>\n\t\t\t\t\t\t\t\t\t\t\t\t\t\t<img decoding=\"async\" class=\"yotu-video-thumb\" src=\"https:\/\/i.ytimg.com\/vi\/wWlo9xOjx1U\/sddefault.jpg\" alt=\"M\u00fcq\u0259dd\u0259s Kitab\u0131n t\u0259yinat\u0131 n\u0259dir? R\u0259bb Allah\u0131n irad\u0259si n\u0259dir?\">\t\n\t\t\t\t\t\t\t\t\t\t\t\t\t<\/div>\n\t\t\t\t\t<\/div>\n\t\t\t\t\t\t\t\t\t\t\t<h3 class=\"yotu-video-title\">M\u00fcq\u0259dd\u0259s Kitab\u0131n t\u0259yinat\u0131 n\u0259dir? R\u0259bb Allah\u0131n irad\u0259si n\u0259dir?<\/h3>\n\t\t\t\t\t\t\t\t\t\t\t\t\t\t\t\t\t\t\t\t\t<div class=\"yotu-video-description\"><\/div>\n\t\t\t\t\t\t\t\t\t<\/a>\n\t\t\t\t\t\t\t<\/li>\n\t\t\t\t\n\t\t\t\t\t\t<li class=\"\">\n\t\t\t\t\t\t\t\t<a href=\"#_srYub3jIHE\" class=\"yotu-video ytef-float\" data-videoid=\"_srYub3jIHE\" data-title=\"M\u00fcq\u0259dd\u0259s Kitab n\u0259dir? | M\u0259sihcil\u0259r | Xristianlar hans\u0131 kitaba iman edirl\u0259r?\" title=\"M\u00fcq\u0259dd\u0259s Kitab n\u0259dir? | M\u0259sihcil\u0259r | Xristianlar hans\u0131 kitaba iman edirl\u0259r?\">\n\t\t\t\t\t<div class=\"yotu-video-thumb-wrp\">\n\t\t\t\t\t\t<div>\n\t\t\t\t\t\t\t\t\t\t\t\t\t\t<img decoding=\"async\" class=\"yotu-video-thumb\" src=\"https:\/\/i.ytimg.com\/vi\/_srYub3jIHE\/sddefault.jpg\" alt=\"M\u00fcq\u0259dd\u0259s Kitab n\u0259dir? | M\u0259sihcil\u0259r | Xristianlar hans\u0131 kitaba iman edirl\u0259r?\">\t\n\t\t\t\t\t\t\t\t\t\t\t\t\t<\/div>\n\t\t\t\t\t<\/div>\n\t\t\t\t\t\t\t\t\t\t\t<h3 class=\"yotu-video-title\">M\u00fcq\u0259dd\u0259s Kitab n\u0259dir? | M\u0259sihcil\u0259r | Xristianlar hans\u0131 kitaba iman edirl\u0259r?<\/h3>\n\t\t\t\t\t\t\t\t\t\t\t\t\t\t\t\t\t\t\t\t\t<div class=\"yotu-video-description\"><\/div>\n\t\t\t\t\t\t\t\t\t<\/a>\n\t\t\t\t\t\t\t<\/li>\n\t\t\t\t\n\t\t\t\t\t\t<li class=\" yotu-last\">\n\t\t\t\t\t\t\t\t<a href=\"#DmlDwgZQJs0\" class=\"yotu-video ytef-float\" data-videoid=\"DmlDwgZQJs0\" data-title=\"\u0130brahim Pey\u011f\u0259mb\u0259rin sor\u011fusuz-suals\u0131z iman il\u0259 Allaha ita\u0259t etm\u0259si (V\u0259z 01.05.2022)\" title=\"\u0130brahim Pey\u011f\u0259mb\u0259rin sor\u011fusuz-suals\u0131z iman il\u0259 Allaha ita\u0259t etm\u0259si (V\u0259z 01.05.2022)\">\n\t\t\t\t\t<div class=\"yotu-video-thumb-wrp\">\n\t\t\t\t\t\t<div>\n\t\t\t\t\t\t\t\t\t\t\t\t\t\t<img decoding=\"async\" class=\"yotu-video-thumb\" src=\"https:\/\/i.ytimg.com\/vi\/DmlDwgZQJs0\/sddefault.jpg\" alt=\"\u0130brahim Pey\u011f\u0259mb\u0259rin sor\u011fusuz-suals\u0131z iman il\u0259 Allaha ita\u0259t etm\u0259si (V\u0259z 01.05.2022)\">\t\n\t\t\t\t\t\t\t\t\t\t\t\t\t<\/div>\n\t\t\t\t\t<\/div>\n\t\t\t\t\t\t\t\t\t\t\t<h3 class=\"yotu-video-title\">\u0130brahim Pey\u011f\u0259mb\u0259rin sor\u011fusuz-suals\u0131z iman il\u0259 Allaha ita\u0259t etm\u0259si (V\u0259z 01.05.2022)<\/h3>\n\t\t\t\t\t\t\t\t\t\t\t\t\t\t\t\t\t\t\t\t\t<div class=\"yotu-video-description\"><\/div>\n\t\t\t\t\t\t\t\t\t<\/a>\n\t\t\t\t\t\t\t<\/li>\n\t\t\t\t\n\t\t\t\t<\/ul>\n<\/div><div class=\"yotu-pagination\">\n\t<a href=\"#\" class=\"yotu-pagination-more yotu-button-prs yotu-button-prs-1\" data-page=\"more\">\u0417\u0430\u0433\u0440\u0443\u0437\u0438\u0442\u044c \u0435\u0449\u0435<\/a>\n<\/div>\n\t\t\t\t<\/div>\n\t\t\t<\/div>\n\t\t\t\n","protected":false},"excerpt":{"rendered":"<p>[instagram-feed feed=2]<\/p>\n","protected":false},"author":3,"featured_media":3008,"parent":0,"menu_order":0,"comment_status":"closed","ping_status":"closed","template":"","meta":{"give_campaign_id":0,"_price":"","_stock":"","_tribe_ticket_header":"","_tribe_default_ticket_provider":"","_ticket_start_date":"","_ticket_end_date":"","_tribe_ticket_show_description":"","_tribe_ticket_show_not_going":false,"_tribe_ticket_use_global_stock":"","_tribe_ticket_global_stock_level":"","_global_stock_mode":"","_global_stock_cap":"","_tribe_rsvp_for_event":"","_tribe_ticket_going_count":"","_tribe_ticket_not_going_count":"","_tribe_tickets_list":"[]","_tribe_ticket_has_attendee_info_fields":false,"footnotes":"","_tec_slr_enabled":"","_tec_slr_layout":""},"class_list":["post-202","page","type-page","status-publish","has-post-thumbnail","hentry"],"campaignId":"","ticketed":false,"_links":{"self":[{"href":"https:\/\/xilasinyolu.online\/ru\/wp-json\/wp\/v2\/pages\/202","targetHints":{"allow":["GET"]}}],"collection":[{"href":"https:\/\/xilasinyolu.online\/ru\/wp-json\/wp\/v2\/pages"}],"about":[{"href":"https:\/\/xilasinyolu.online\/ru\/wp-json\/wp\/v2\/types\/page"}],"author":[{"embeddable":true,"href":"https:\/\/xilasinyolu.online\/ru\/wp-json\/wp\/v2\/users\/3"}],"replies":[{"embeddable":true,"href":"https:\/\/xilasinyolu.online\/ru\/wp-json\/wp\/v2\/comments?post=202"}],"version-history":[{"count":30,"href":"https:\/\/xilasinyolu.online\/ru\/wp-json\/wp\/v2\/pages\/202\/revisions"}],"predecessor-version":[{"id":6525,"href":"https:\/\/xilasinyolu.online\/ru\/wp-json\/wp\/v2\/pages\/202\/revisions\/6525"}],"wp:featuredmedia":[{"embeddable":true,"href":"https:\/\/xilasinyolu.online\/ru\/wp-json\/wp\/v2\/media\/3008"}],"wp:attachment":[{"href":"https:\/\/xilasinyolu.online\/ru\/wp-json\/wp\/v2\/media?parent=202"}],"curies":[{"name":"wp","href":"https:\/\/api.w.org\/{rel}","templated":true}]}}