{"id":357,"date":"2023-10-09T11:23:13","date_gmt":"2023-10-09T07:23:13","guid":{"rendered":"http:\/\/new.alov.az\/?page_id=357"},"modified":"2024-02-12T08:59:30","modified_gmt":"2024-02-12T04:59:30","slug":"about","status":"publish","type":"page","link":"https:\/\/xilasinyolu.online\/ru\/about\/","title":{"rendered":"Haqq\u0131m\u0131zda"},"content":{"rendered":"<div data-elementor-type=\"wp-post\" data-elementor-id=\"357\" class=\"elementor elementor-357\">\n\t\t\t\t\t\t<section class=\"elementor-section elementor-top-section elementor-element elementor-element-017b886 elementor-section-stretched hide_bg_image_on_tablet hide_bg_image_on_mobile elementor-section-boxed elementor-section-height-default elementor-section-height-default\" data-id=\"017b886\" data-element_type=\"section\" data-e-type=\"section\" data-settings=\"{&quot;stretch_section&quot;:&quot;section-stretched&quot;,&quot;background_background&quot;:&quot;classic&quot;}\">\n\t\t\t\t\t\t<div class=\"elementor-container elementor-column-gap-no\">\n\t\t\t\t\t<div class=\"elementor-column elementor-col-100 elementor-top-column elementor-element elementor-element-c749720 sc_layouts_column_icons_position_left\" data-id=\"c749720\" data-element_type=\"column\" data-e-type=\"column\">\n\t\t\t<div class=\"elementor-widget-wrap elementor-element-populated\">\n\t\t\t\t\t\t<section class=\"elementor-section elementor-top-section elementor-element elementor-element-9beffd9 elementor-section-boxed elementor-section-height-default elementor-section-height-default\" data-id=\"9beffd9\" data-element_type=\"section\" data-e-type=\"section\" data-settings=\"{&quot;background_background&quot;:&quot;classic&quot;}\">\n\t\t\t\t\t\t<div class=\"elementor-container elementor-column-gap-extended\">\n\t\t\t\t\t<div class=\"elementor-column elementor-col-16 elementor-top-column elementor-element elementor-element-de44f91 sc_layouts_column_icons_position_left\" data-id=\"de44f91\" data-element_type=\"column\" data-e-type=\"column\">\n\t\t\t<div class=\"elementor-widget-wrap\">\n\t\t\t\t\t\t\t<\/div>\n\t\t<\/div>\n\t\t\t\t<div class=\"elementor-column elementor-col-66 elementor-top-column elementor-element elementor-element-95a8074 sc_layouts_column_icons_position_left\" data-id=\"95a8074\" data-element_type=\"column\" data-e-type=\"column\">\n\t\t\t<div class=\"elementor-widget-wrap elementor-element-populated\">\n\t\t\t\t\t\t<div class=\"elementor-element elementor-element-c69bdb9 elementor-widget elementor-widget-spacer\" data-id=\"c69bdb9\" data-element_type=\"widget\" data-e-type=\"widget\" data-widget_type=\"spacer.default\">\n\t\t\t\t<div class=\"elementor-widget-container\">\n\t\t\t\t\t\t\t<div class=\"elementor-spacer\">\n\t\t\t<div class=\"elementor-spacer-inner\"><\/div>\n\t\t<\/div>\n\t\t\t\t\t\t<\/div>\n\t\t\t\t<\/div>\n\t\t\t\t<div class=\"elementor-element elementor-element-bb97db1 elementor-widget elementor-widget-trx_sc_title\" data-id=\"bb97db1\" data-element_type=\"widget\" data-e-type=\"widget\" data-widget_type=\"trx_sc_title.default\">\n\t\t\t\t<div class=\"elementor-widget-container\">\n\t\t\t\t\t<div id=\"trx_sc_title_466426470\"\n\t\tclass=\"sc_title sc_title_accent\"><span class=\"sc_item_subtitle sc_title_subtitle sc_align_center sc_item_subtitle_above sc_item_title_style_accent\">ALOV C\u0259miyy\u0259tl\u0259r \u018fm\u0259kda\u015fl\u0131\u011f\u0131 2010-cu ild\u0259 yarad\u0131ld\u0131.<\/span><h2 class=\"sc_item_title sc_title_title sc_align_center sc_item_title_style_accent\"><span class=\"sc_item_title_text\">Alov Kils\u0259si<\/span><\/h2><\/div><!-- \/.sc_title -->\t\t\t\t<\/div>\n\t\t\t\t<\/div>\n\t\t\t\t<div class=\"elementor-element elementor-element-c8efeb1 elementor-widget elementor-widget-trx_widget_video\" data-id=\"c8efeb1\" data-element_type=\"widget\" data-e-type=\"widget\" data-widget_type=\"trx_widget_video.default\">\n\t\t\t\t<div class=\"elementor-widget-container\">\n\t\t\t\t\t<div id=\"trx_widget_video_1255442083\" class=\"widget_area sc_widget_video\"><aside id=\"trx_widget_video_1255442083_widget\" class=\"widget widget_video\"><div id=\"sc_video_1147712816\" class=\"trx_addons_video_player without_cover\"><div class=\"video_embed video_frame\"><iframe title=\"Alov Birliyi - Milad t\u0259dbiri (Tam versiya)\" width=\"1280\" height=\"720\" src=\"https:\/\/www.youtube.com\/embed\/eCV4ZgH7J2k?feature=oembed\"  allow=\"accelerometer; autoplay; clipboard-write; encrypted-media; gyroscope; picture-in-picture\" allowfullscreen><\/iframe><\/div><\/div><\/aside><\/div>\t\t\t\t<\/div>\n\t\t\t\t<\/div>\n\t\t\t\t<div class=\"elementor-element elementor-element-b24b254 elementor-widget elementor-widget-spacer\" data-id=\"b24b254\" data-element_type=\"widget\" data-e-type=\"widget\" data-widget_type=\"spacer.default\">\n\t\t\t\t<div class=\"elementor-widget-container\">\n\t\t\t\t\t\t\t<div class=\"elementor-spacer\">\n\t\t\t<div class=\"elementor-spacer-inner\"><\/div>\n\t\t<\/div>\n\t\t\t\t\t\t<\/div>\n\t\t\t\t<\/div>\n\t\t\t\t<div class=\"elementor-element elementor-element-9c1eba5 elementor-widget elementor-widget-text-editor\" data-id=\"9c1eba5\" data-element_type=\"widget\" data-e-type=\"widget\" data-widget_type=\"text-editor.default\">\n\t\t\t\t<div class=\"elementor-widget-container\">\n\t\t\t\t\t\t\t\t\t<p>Az\u0259rbaycanda v\u0259 Az\u0259rbaycandan k\u0259narda Isa M\u0259sih haqq\u0131nda xo\u015f x\u0259b\u0259ri yaymaq v\u0259 iman ed\u0259nl\u0259r il\u0259 birg\u0259 M\u0259sihin c\u0259miyy\u0259tl\u0259rini yaratmaq. M\u00f6vc\u00fcd olan v\u0259 yeni yaranm\u0131\u015f M\u0259sihi c\u0259miyy\u0259tl\u0259rin\u0259 ruhan\u0131, m\u0259n\u0259vi d\u0259st\u0259k ver\u0259r\u0259k t\u0259yinatlar\u0131n\u0131 icra etm\u0259l\u0259rin\u0259, m\u00fcjd\u0259 xidm\u0259tl\u0259rinin t\u0259\u015fkil edilm\u0259sin\u0259 d\u0259st\u0259k verm\u0259k, seminatlar, konfranslar t\u0259\u015fkil etm\u0259k, xidm\u0259tl\u0259rinin icra edilm\u0259si m\u0259qs\u0259di il\u0259 t\u0259ciz etm\u0259k, c\u0259miyy\u0259tl\u0259r aras\u0131 dostluq v\u0259 \u0259m\u0259kda\u015fl\u0131q yaratmaq \u00fc\u00e7\u00fcn \u0259m\u0259kda\u015fl\u0131qd\u0131r.<\/p>\t\t\t\t\t\t\t\t<\/div>\n\t\t\t\t<\/div>\n\t\t\t\t<div class=\"elementor-element elementor-element-91f428f elementor-widget elementor-widget-spacer\" data-id=\"91f428f\" data-element_type=\"widget\" data-e-type=\"widget\" data-widget_type=\"spacer.default\">\n\t\t\t\t<div class=\"elementor-widget-container\">\n\t\t\t\t\t\t\t<div class=\"elementor-spacer\">\n\t\t\t<div class=\"elementor-spacer-inner\"><\/div>\n\t\t<\/div>\n\t\t\t\t\t\t<\/div>\n\t\t\t\t<\/div>\n\t\t\t\t\t<\/div>\n\t\t<\/div>\n\t\t\t\t<div class=\"elementor-column elementor-col-16 elementor-top-column elementor-element elementor-element-7c28eee sc_layouts_column_icons_position_left\" data-id=\"7c28eee\" data-element_type=\"column\" data-e-type=\"column\">\n\t\t\t<div class=\"elementor-widget-wrap\">\n\t\t\t\t\t\t\t<\/div>\n\t\t<\/div>\n\t\t\t\t\t<\/div>\n\t\t<\/section>\n\t\t\t\t\t<\/div>\n\t\t<\/div>\n\t\t\t\t\t<\/div>\n\t\t<\/section>\n\t\t\t\t<section class=\"elementor-section elementor-top-section elementor-element elementor-element-5c46748 elementor-section-boxed elementor-section-height-default elementor-section-height-default\" data-id=\"5c46748\" data-element_type=\"section\" data-e-type=\"section\">\n\t\t\t\t\t\t<div class=\"elementor-container elementor-column-gap-extended\">\n\t\t\t\t\t<div class=\"elementor-column elementor-col-100 elementor-top-column elementor-element elementor-element-a63d037 sc_layouts_column_icons_position_left\" data-id=\"a63d037\" data-element_type=\"column\" data-e-type=\"column\">\n\t\t\t<div class=\"elementor-widget-wrap elementor-element-populated\">\n\t\t\t\t\t\t<div class=\"elementor-element elementor-element-78c021e elementor-widget elementor-widget-spacer\" data-id=\"78c021e\" data-element_type=\"widget\" data-e-type=\"widget\" data-widget_type=\"spacer.default\">\n\t\t\t\t<div class=\"elementor-widget-container\">\n\t\t\t\t\t\t\t<div class=\"elementor-spacer\">\n\t\t\t<div class=\"elementor-spacer-inner\"><\/div>\n\t\t<\/div>\n\t\t\t\t\t\t<\/div>\n\t\t\t\t<\/div>\n\t\t\t\t<div class=\"elementor-element elementor-element-47a3181 elementor-widget elementor-widget-text-editor\" data-id=\"47a3181\" data-element_type=\"widget\" data-e-type=\"widget\" data-widget_type=\"text-editor.default\">\n\t\t\t\t<div class=\"elementor-widget-container\">\n\t\t\t\t\t\t\t\t\t<p style=\"text-align: center;\"><strong><span style=\"color: #000080;\">Alov Kils\u0259l\u0259r Birliyinin yaranma tarixi:<\/span><\/strong><\/p><p style=\"text-align: center;\"><strong><span style=\"color: #000080;\">Alov Kils\u0259l\u0259r Birliyi 2010-cu ild\u0259 Bak\u0131 \u015f\u0259h\u0259rind\u0259 bir ne\u00e7\u0259 kils\u0259 r\u0259hb\u0259rl\u0259rinin t\u0259\u015f\u0259bb\u00fcs\u00fc il\u0259 yarad\u0131ld\u0131.<\/span><\/strong><br \/><strong><span style=\"color: #000080;\">Alov Kils\u0259l\u0259r Birliyinin t\u0259sis\u00e7il\u0259ri M\u0259mm\u0259dov \u0130dris, F\u0259rhadov Ceyhun, \u0130slamov Murad v\u0259 dig\u0259rl\u0259ri olmu\u015fdular.<\/span><\/strong><br \/><strong><span style=\"color: #000080;\">Alov Kils\u0259l\u0259r Birliyi multi-denominasiyal\u0131, Bibliya t\u0259limi \u00fcz\u0259rind\u0259 yarad\u0131lm\u0131\u015f kils\u0259l\u0259r birliyidir.<\/span><\/strong><\/p>\t\t\t\t\t\t\t\t<\/div>\n\t\t\t\t<\/div>\n\t\t\t\t\t<\/div>\n\t\t<\/div>\n\t\t\t\t\t<\/div>\n\t\t<\/section>\n\t\t\t\t<section class=\"elementor-section elementor-top-section elementor-element elementor-element-f2b4711 elementor-section-boxed elementor-section-height-default elementor-section-height-default\" data-id=\"f2b4711\" data-element_type=\"section\" data-e-type=\"section\">\n\t\t\t\t\t\t<div class=\"elementor-container elementor-column-gap-extended\">\n\t\t\t\t\t<div class=\"elementor-column elementor-col-50 elementor-top-column elementor-element elementor-element-1ff597d sc_layouts_column_icons_position_left\" data-id=\"1ff597d\" data-element_type=\"column\" data-e-type=\"column\">\n\t\t\t<div class=\"elementor-widget-wrap elementor-element-populated\">\n\t\t\t\t\t\t<div class=\"elementor-element elementor-element-5661b88 elementor-widget elementor-widget-spacer\" data-id=\"5661b88\" data-element_type=\"widget\" data-e-type=\"widget\" data-widget_type=\"spacer.default\">\n\t\t\t\t<div class=\"elementor-widget-container\">\n\t\t\t\t\t\t\t<div class=\"elementor-spacer\">\n\t\t\t<div class=\"elementor-spacer-inner\"><\/div>\n\t\t<\/div>\n\t\t\t\t\t\t<\/div>\n\t\t\t\t<\/div>\n\t\t\t\t<div class=\"elementor-element elementor-element-0a462fc elementor-widget elementor-widget-image\" data-id=\"0a462fc\" data-element_type=\"widget\" data-e-type=\"widget\" data-widget_type=\"image.default\">\n\t\t\t\t<div class=\"elementor-widget-container\">\n\t\t\t\t\t\t\t\t\t\t\t\t\t\t\t<img fetchpriority=\"high\" decoding=\"async\" width=\"300\" height=\"300\" src=\"https:\/\/xilasinyolu.online\/wp-content\/uploads\/2022\/01\/Alov-r\u0259mzi-1-300x300.png\" class=\"attachment-medium size-medium wp-image-4205\" alt=\"\" srcset=\"https:\/\/xilasinyolu.online\/wp-content\/uploads\/2022\/01\/Alov-r\u0259mzi-1-300x300.png 300w, https:\/\/xilasinyolu.online\/wp-content\/uploads\/2022\/01\/Alov-r\u0259mzi-1-1024x1024.png 1024w, https:\/\/xilasinyolu.online\/wp-content\/uploads\/2022\/01\/Alov-r\u0259mzi-1-150x150.png 150w, https:\/\/xilasinyolu.online\/wp-content\/uploads\/2022\/01\/Alov-r\u0259mzi-1-768x768.png 768w, https:\/\/xilasinyolu.online\/wp-content\/uploads\/2022\/01\/Alov-r\u0259mzi-1-1536x1536.png 1536w, https:\/\/xilasinyolu.online\/wp-content\/uploads\/2022\/01\/Alov-r\u0259mzi-1-2048x2048.png 2048w, https:\/\/xilasinyolu.online\/wp-content\/uploads\/2022\/01\/Alov-r\u0259mzi-1-370x370.png 370w, https:\/\/xilasinyolu.online\/wp-content\/uploads\/2022\/01\/Alov-r\u0259mzi-1-70x70.png 70w, https:\/\/xilasinyolu.online\/wp-content\/uploads\/2022\/01\/Alov-r\u0259mzi-1-760x760.png 760w, https:\/\/xilasinyolu.online\/wp-content\/uploads\/2022\/01\/Alov-r\u0259mzi-1-407x407.png 407w\" sizes=\"(max-width: 300px) 100vw, 300px\" \/>\t\t\t\t\t\t\t\t\t\t\t\t\t\t\t<\/div>\n\t\t\t\t<\/div>\n\t\t\t\t<div class=\"elementor-element elementor-element-e89b263 elementor-widget elementor-widget-spacer\" data-id=\"e89b263\" data-element_type=\"widget\" data-e-type=\"widget\" data-widget_type=\"spacer.default\">\n\t\t\t\t<div class=\"elementor-widget-container\">\n\t\t\t\t\t\t\t<div class=\"elementor-spacer\">\n\t\t\t<div class=\"elementor-spacer-inner\"><\/div>\n\t\t<\/div>\n\t\t\t\t\t\t<\/div>\n\t\t\t\t<\/div>\n\t\t\t\t\t<\/div>\n\t\t<\/div>\n\t\t\t\t<div class=\"elementor-column elementor-col-50 elementor-top-column elementor-element elementor-element-7b89e84 sc_layouts_column_icons_position_left\" data-id=\"7b89e84\" data-element_type=\"column\" data-e-type=\"column\">\n\t\t\t<div class=\"elementor-widget-wrap elementor-element-populated\">\n\t\t\t\t\t\t<div class=\"elementor-element elementor-element-5a16e8e elementor-widget elementor-widget-text-editor\" data-id=\"5a16e8e\" data-element_type=\"widget\" data-e-type=\"widget\" data-widget_type=\"text-editor.default\">\n\t\t\t\t<div class=\"elementor-widget-container\">\n\t\t\t\t\t\t\t\t\t<p>\u00a0<\/p><p><span style=\"color: #000080;\">Alov Kils\u0259l\u0259r Birliyinin hal-haz\u0131rda istifad\u0259 edil\u0259n loqosu 2018-ci ild\u0259n yarad\u0131ld\u0131.<\/span><br \/><span style=\"color: #000080;\">Loqonun m\u0259rk\u0259zind\u0259:<\/span><br \/><span style=\"color: #000080;\">Alov i\u015far\u0259si var v\u0259 bu M\u00fcq\u0259dd\u0259s Ruhun alovunu bildirir.<\/span><br \/><span style=\"color: #000080;\">Alovun \u0259traf\u0131ndaki dair\u0259 is\u0259 &#8211; b\u00fct\u00f6vl\u00fcy\u00fc, \u0259b\u0259diliyi, kamil ard\u0131c\u0131l\u0131\u011f\u0131 bildirir.<\/span><br \/><span style=\"color: #000080;\">G\u00f6y r\u0259ng- s\u0259man\u0131 \u0259ks etdir\u0259r\u0259k, ruhaniliyi, h\u0259qiq\u0259ti, iman\u0131, s\u0259daq\u0259ti, daimliyi v\u0259 \u0259b\u0259diliyi bildirir.<\/span><br \/><span style=\"color: #000080;\">A\u011f r\u0259ng \u2013 m\u00fcq\u0259dd\u0259sliyi, pakl\u0131\u011f\u0131, s\u0259mimiy\u0259ti v\u0259 \u015f\u0259ffafl\u0131\u011f\u0131 bildirir.<\/span><\/p>\t\t\t\t\t\t\t\t<\/div>\n\t\t\t\t<\/div>\n\t\t\t\t\t<\/div>\n\t\t<\/div>\n\t\t\t\t\t<\/div>\n\t\t<\/section>\n\t\t\t\t<section class=\"elementor-section elementor-top-section elementor-element elementor-element-79a7c4e elementor-section-stretched elementor-section-full_width elementor-section-height-default elementor-section-height-default\" data-id=\"79a7c4e\" data-element_type=\"section\" data-e-type=\"section\" data-settings=\"{&quot;stretch_section&quot;:&quot;section-stretched&quot;,&quot;background_background&quot;:&quot;classic&quot;}\">\n\t\t\t\t\t\t<div class=\"elementor-container elementor-column-gap-extended\">\n\t\t\t\t\t<div class=\"elementor-column elementor-col-100 elementor-top-column elementor-element elementor-element-b78c109 sc_layouts_column_icons_position_left\" data-id=\"b78c109\" data-element_type=\"column\" data-e-type=\"column\">\n\t\t\t<div class=\"elementor-widget-wrap elementor-element-populated\">\n\t\t\t\t\t\t<div class=\"elementor-element elementor-element-803dcfb elementor-widget elementor-widget-spacer\" data-id=\"803dcfb\" data-element_type=\"widget\" data-e-type=\"widget\" data-widget_type=\"spacer.default\">\n\t\t\t\t<div class=\"elementor-widget-container\">\n\t\t\t\t\t\t\t<div class=\"elementor-spacer\">\n\t\t\t<div class=\"elementor-spacer-inner\"><\/div>\n\t\t<\/div>\n\t\t\t\t\t\t<\/div>\n\t\t\t\t<\/div>\n\t\t\t\t<section class=\"elementor-section elementor-inner-section elementor-element elementor-element-8975c95 elementor-section-full_width elementor-section-height-default elementor-section-height-default\" data-id=\"8975c95\" data-element_type=\"section\" data-e-type=\"section\">\n\t\t\t\t\t\t<div class=\"elementor-container elementor-column-gap-extended\">\n\t\t\t\t\t<div class=\"elementor-column elementor-col-100 elementor-inner-column elementor-element elementor-element-263d934 sc_layouts_column_icons_position_left\" data-id=\"263d934\" data-element_type=\"column\" data-e-type=\"column\">\n\t\t\t<div class=\"elementor-widget-wrap elementor-element-populated\">\n\t\t\t\t\t\t<div class=\"elementor-element elementor-element-50e8387 elementor-widget elementor-widget-trx_sc_title\" data-id=\"50e8387\" data-element_type=\"widget\" data-e-type=\"widget\" data-widget_type=\"trx_sc_title.default\">\n\t\t\t\t<div class=\"elementor-widget-container\">\n\t\t\t\t\t<div id=\"trx_sc_title_1577993991\"\n\t\tclass=\"sc_title sc_title_default\"><h3 class=\"sc_item_title sc_title_title sc_align_center sc_item_title_style_default sc_item_title_tag trx_addons_inline_1642374187\"><span class=\"sc_item_title_text\">B\u0259s onda n\u0259 deyilir? \u00abK\u0259lam s\u0259n\u0259 \u00e7ox yax\u0131nd\u0131r, o s\u0259nin dilind\u0259 v\u0259 \u00fcr\u0259yind\u0259dir\u00bb. Biz el\u0259 h\u0259min iman k\u0259lam\u0131n\u0131 v\u0259z edirik: \u0259g\u0259r s\u0259n \u0130san\u0131n R\u0259bb oldu\u011funu dilinl\u0259 iqrar edib Allah\u0131n Onu \u00f6l\u00fcl\u0259r aras\u0131ndan diriltdiyin\u0259 \u00fcr\u0259kd\u0259n inansan, xilas olacaqsan.<\/span><\/h3><div class=\"sc_item_descr sc_title_descr sc_align_center\"><p style=\"color:#fff;\">Romal\u0131lara 10: 8-9<\/p>\n<\/div><\/div><!-- \/.sc_title -->\t\t\t\t<\/div>\n\t\t\t\t<\/div>\n\t\t\t\t\t<\/div>\n\t\t<\/div>\n\t\t\t\t\t<\/div>\n\t\t<\/section>\n\t\t\t\t<div class=\"elementor-element elementor-element-cfc9256 elementor-widget elementor-widget-spacer\" data-id=\"cfc9256\" data-element_type=\"widget\" data-e-type=\"widget\" data-widget_type=\"spacer.default\">\n\t\t\t\t<div class=\"elementor-widget-container\">\n\t\t\t\t\t\t\t<div class=\"elementor-spacer\">\n\t\t\t<div class=\"elementor-spacer-inner\"><\/div>\n\t\t<\/div>\n\t\t\t\t\t\t<\/div>\n\t\t\t\t<\/div>\n\t\t\t\t\t<\/div>\n\t\t<\/div>\n\t\t\t\t\t<\/div>\n\t\t<\/section>\n\t\t\t\t<\/div>","protected":false},"excerpt":{"rendered":"<p>ALOV C\u0259miyy\u0259tl\u0259r \u018fm\u0259kda\u015fl\u0131\u011f\u0131 2010-cu ild\u0259 yarad\u0131ld\u0131. Alov Kils\u0259si Az\u0259rbaycanda v\u0259 Az\u0259rbaycandan k\u0259narda Isa M\u0259sih haqq\u0131nda xo\u015f x\u0259b\u0259ri yaymaq v\u0259 iman ed\u0259nl\u0259r il\u0259 birg\u0259 M\u0259sihin c\u0259miyy\u0259tl\u0259rini yaratmaq. M\u00f6vc\u00fcd olan v\u0259 yeni yaranm\u0131\u015f M\u0259sihi c\u0259miyy\u0259tl\u0259rin\u0259 ruhan\u0131, m\u0259n\u0259vi d\u0259st\u0259k ver\u0259r\u0259k t\u0259yinatlar\u0131n\u0131 icra&hellip;<\/p>","protected":false},"author":3,"featured_media":3008,"parent":0,"menu_order":0,"comment_status":"closed","ping_status":"closed","template":"","meta":{"give_campaign_id":0,"_price":"","_stock":"","_tribe_ticket_header":"","_tribe_default_ticket_provider":"","_ticket_start_date":"","_ticket_end_date":"","_tribe_ticket_show_description":"","_tribe_ticket_show_not_going":false,"_tribe_ticket_use_global_stock":"","_tribe_ticket_global_stock_level":"","_global_stock_mode":"","_global_stock_cap":"","_tribe_rsvp_for_event":"","_tribe_ticket_going_count":"","_tribe_ticket_not_going_count":"","_tribe_tickets_list":"[]","_tribe_ticket_has_attendee_info_fields":false,"footnotes":"","_tec_slr_enabled":"","_tec_slr_layout":""},"class_list":["post-357","page","type-page","status-publish","has-post-thumbnail","hentry"],"campaignId":"","ticketed":false,"_links":{"self":[{"href":"https:\/\/xilasinyolu.online\/ru\/wp-json\/wp\/v2\/pages\/357","targetHints":{"allow":["GET"]}}],"collection":[{"href":"https:\/\/xilasinyolu.online\/ru\/wp-json\/wp\/v2\/pages"}],"about":[{"href":"https:\/\/xilasinyolu.online\/ru\/wp-json\/wp\/v2\/types\/page"}],"author":[{"embeddable":true,"href":"https:\/\/xilasinyolu.online\/ru\/wp-json\/wp\/v2\/users\/3"}],"replies":[{"embeddable":true,"href":"https:\/\/xilasinyolu.online\/ru\/wp-json\/wp\/v2\/comments?post=357"}],"version-history":[{"count":49,"href":"https:\/\/xilasinyolu.online\/ru\/wp-json\/wp\/v2\/pages\/357\/revisions"}],"predecessor-version":[{"id":4590,"href":"https:\/\/xilasinyolu.online\/ru\/wp-json\/wp\/v2\/pages\/357\/revisions\/4590"}],"wp:featuredmedia":[{"embeddable":true,"href":"https:\/\/xilasinyolu.online\/ru\/wp-json\/wp\/v2\/media\/3008"}],"wp:attachment":[{"href":"https:\/\/xilasinyolu.online\/ru\/wp-json\/wp\/v2\/media?parent=357"}],"curies":[{"name":"wp","href":"https:\/\/api.w.org\/{rel}","templated":true}]}}