{"id":4162,"date":"2022-01-13T22:59:55","date_gmt":"2022-01-13T18:59:55","guid":{"rendered":"https:\/\/alov.az\/?page_id=4162"},"modified":"2024-02-12T08:59:31","modified_gmt":"2024-02-12T04:59:31","slug":"hevarilerin-mesleyi","status":"publish","type":"page","link":"https:\/\/xilasinyolu.online\/ru\/hevarilerin-mesleyi\/","title":{"rendered":"H\u0259varil\u0259rin M\u0259sl\u0259yi"},"content":{"rendered":"<div data-elementor-type=\"wp-page\" data-elementor-id=\"4162\" class=\"elementor elementor-4162\">\n\t\t\t\t\t\t<section class=\"elementor-section elementor-top-section elementor-element elementor-element-2f85a092 elementor-section-boxed elementor-section-height-default elementor-section-height-default\" data-id=\"2f85a092\" data-element_type=\"section\" data-e-type=\"section\">\n\t\t\t\t\t\t<div class=\"elementor-container elementor-column-gap-extended\">\n\t\t\t\t\t<div class=\"elementor-column elementor-col-100 elementor-top-column elementor-element elementor-element-74df5f0c sc_layouts_column_icons_position_left\" data-id=\"74df5f0c\" data-element_type=\"column\" data-e-type=\"column\">\n\t\t\t<div class=\"elementor-widget-wrap elementor-element-populated\">\n\t\t\t\t\t\t<div class=\"elementor-element elementor-element-8344147 elementor-widget elementor-widget-spacer\" data-id=\"8344147\" data-element_type=\"widget\" data-e-type=\"widget\" data-widget_type=\"spacer.default\">\n\t\t\t\t<div class=\"elementor-widget-container\">\n\t\t\t\t\t\t\t<div class=\"elementor-spacer\">\n\t\t\t<div class=\"elementor-spacer-inner\"><\/div>\n\t\t<\/div>\n\t\t\t\t\t\t<\/div>\n\t\t\t\t<\/div>\n\t\t\t\t<div class=\"elementor-element elementor-element-2c34ecb0 elementor-widget elementor-widget-text-editor\" data-id=\"2c34ecb0\" data-element_type=\"widget\" data-e-type=\"widget\" data-widget_type=\"text-editor.default\">\n\t\t\t\t<div class=\"elementor-widget-container\">\n\t\t\t\t\t\t\t\t\t<h5 style=\"text-align: center;\"><strong>\u0130sa M\u0259sihi h\u0259yat\u0131na Xilaskar olaraq x\u0259bul ed\u0259nl\u0259rin iman etiraf\u0131:<\/strong><\/h5><h6 style=\"text-align: center;\">1. G\u00f6y\u00fcn v\u0259 yerin Qadir Yaradan\u0131 olan Ata Allaha iman edir\u0259m.<br \/>2. Allah\u0131n Vahid O\u011flu, R\u0259bbimiz \u0130sa M\u0259sih\u0259 iman edir\u0259m.<br \/>3. O, M\u00fcq\u0259dd\u0259s Ruhdan hamil\u0259 qalm\u0131\u015f Bakir\u0259 M\u0259ry\u0259m t\u0259r\u0259find\u0259n do\u011fulmu\u015fdur.<br \/>4. O, Ponti Pilat t\u0259r\u0259find\u0259n \u0259zab \u00e7\u0259kmi\u015f, \u00e7arm\u0131xa \u00e7\u0259kilmi\u015f, \u00f6lm\u00fc\u015f v\u0259 d\u0259fn edilmi\u015fdi.<br \/>5. \u00dc\u00e7\u00fcnc\u00fc g\u00fcn is\u0259 \u00f6l\u00fcl\u0259rd\u0259n dirilmi\u015fdir.<br \/>6. O, g\u00f6yl\u0259r\u0259 qald\u0131r\u0131lm\u0131\u015f, Qadir Ata Allah\u0131n sa\u011f\u0131nda oturmu\u015f,<br \/>7. V\u0259 oradan da diril\u0259ri v\u0259 \u00f6l\u00fcl\u0259ri \u00d6z hikm\u0259ti il\u0259 m\u00fchakim\u0259 etm\u0259y\u0259 g\u0259l\u0259c\u0259kdir.<br \/>8. M\u00fcq\u0259dd\u0259s Ruha iman edir\u0259m,<br \/>9. Vahid m\u00fcq\u0259dd\u0259s m\u0259sih\u00e7i c\u0259miyy\u0259tin\u0259 v\u0259 m\u00fcq\u0259dd\u0259sl\u0259rin \u00fcnsiyy\u0259tin\u0259 iman edir\u0259m.<br \/>10. G\u00fcnahlar\u0131n ba\u011f\u0131\u015flanmas\u0131na,<br \/>11. B\u0259d\u0259nin dirilm\u0259sin\u0259,<br \/>12. \u018fb\u0259di h\u0259yata iman edir\u0259m.<\/h6>\t\t\t\t\t\t\t\t<\/div>\n\t\t\t\t<\/div>\n\t\t\t\t<div class=\"elementor-element elementor-element-2e13960 elementor-widget elementor-widget-image\" data-id=\"2e13960\" data-element_type=\"widget\" data-e-type=\"widget\" data-widget_type=\"image.default\">\n\t\t\t\t<div class=\"elementor-widget-container\">\n\t\t\t\t\t\t\t\t\t\t\t\t<figure class=\"wp-caption\">\n\t\t\t\t\t\t\t\t\t\t<img fetchpriority=\"high\" decoding=\"async\" width=\"1536\" height=\"614\" src=\"https:\/\/xilasinyolu.online\/wp-content\/uploads\/2022\/01\/giampietrino-last-supper-ca-1520-1536x614.jpg\" class=\"attachment-1536x1536 size-1536x1536 wp-image-4167\" alt=\"\" srcset=\"https:\/\/xilasinyolu.online\/wp-content\/uploads\/2022\/01\/giampietrino-last-supper-ca-1520-1536x614.jpg 1536w, https:\/\/xilasinyolu.online\/wp-content\/uploads\/2022\/01\/giampietrino-last-supper-ca-1520-300x120.jpg 300w, https:\/\/xilasinyolu.online\/wp-content\/uploads\/2022\/01\/giampietrino-last-supper-ca-1520-1024x410.jpg 1024w, https:\/\/xilasinyolu.online\/wp-content\/uploads\/2022\/01\/giampietrino-last-supper-ca-1520-768x307.jpg 768w, https:\/\/xilasinyolu.online\/wp-content\/uploads\/2022\/01\/giampietrino-last-supper-ca-1520-370x148.jpg 370w, https:\/\/xilasinyolu.online\/wp-content\/uploads\/2022\/01\/giampietrino-last-supper-ca-1520-760x304.jpg 760w, https:\/\/xilasinyolu.online\/wp-content\/uploads\/2022\/01\/giampietrino-last-supper-ca-1520-407x163.jpg 407w, https:\/\/xilasinyolu.online\/wp-content\/uploads\/2022\/01\/giampietrino-last-supper-ca-1520.jpg 1920w\" sizes=\"(max-width: 1536px) 100vw, 1536px\" \/>\t\t\t\t\t\t\t\t\t\t\t<figcaption class=\"widget-image-caption wp-caption-text\">Leonardo Da Vinci - Sonuncu \u015fam yem\u0259yi<\/figcaption>\n\t\t\t\t\t\t\t\t\t\t<\/figure>\n\t\t\t\t\t\t\t\t\t<\/div>\n\t\t\t\t<\/div>\n\t\t\t\t<div class=\"elementor-element elementor-element-5127da6 elementor-widget elementor-widget-spacer\" data-id=\"5127da6\" data-element_type=\"widget\" data-e-type=\"widget\" data-widget_type=\"spacer.default\">\n\t\t\t\t<div class=\"elementor-widget-container\">\n\t\t\t\t\t\t\t<div class=\"elementor-spacer\">\n\t\t\t<div class=\"elementor-spacer-inner\"><\/div>\n\t\t<\/div>\n\t\t\t\t\t\t<\/div>\n\t\t\t\t<\/div>\n\t\t\t\t<div class=\"elementor-element elementor-element-910c033 elementor-widget elementor-widget-text-editor\" data-id=\"910c033\" data-element_type=\"widget\" data-e-type=\"widget\" data-widget_type=\"text-editor.default\">\n\t\t\t\t<div class=\"elementor-widget-container\">\n\t\t\t\t\t\t\t\t\t<p>1. Biz M\u00fcq\u0259dd\u0259s Kitab\u0131n (Bibliyan\u0131n) do\u011fru, n\u00fcfuzlu, yet\u0259rli v\u0259 s\u0259hvsiz oldu\u011funa inan\u0131r\u0131q. M\u00fcq\u0259dd\u0259s Kitab Tanr\u0131n\u0131n x\u00fcsusi bir v\u0259hyi olaraq b\u0259\u015f\u0259riyy\u0259t \u00fc\u00e7\u00fcn Allahdan ilham alm\u0131\u015f yegan\u0259 m\u0259tndir.<br \/>Z\u0259bur 19:7-11; Z\u0259bur 119:105; Z\u0259bur 119:160; 2Timotey\u02591:13;<br \/>2Timotey\u0259 3:16; 2Peter 1:20-21.<br \/>&#8212;-<br \/>2. Biz \u00dc\u00e7 \u015e\u0259xsd\u0259 &#8211; Ata, O\u011ful v\u0259 M\u00fcq\u0259dd\u0259s Ruhda bir olan, \u0259b\u0259di m\u00f6vcud olan, H\u0259r \u015feyin Sahibi, Suveren, M\u00fcq\u0259dd\u0259s, Saleh, yeri v\u0259 g\u00f6y\u00fc Yaradan yegan\u0259 Tanr\u0131ya iman edirik. \u00dc\u00e7 \u015f\u0259xsd\u0259 Bir olan Yaradan, \u00d6z yaratd\u0131qlar\u0131ndan tamamil\u0259 f\u0259rqli v\u0259 ayr\u0131d\u0131r. El\u0259 buna g\u00f6r\u0259 d\u0259 yarad\u0131l\u0131\u015f tamamil\u0259 Ondan as\u0131l\u0131d\u0131r.<br \/>Qanunun t\u0259krar\u0131 6:4; Ye\u015faya 45:5-6; Ye\u015faya 46:9-10; Y\u0259hya 17:3;<br \/>1Korinflil\u0259r\u0259 8:4-6; 1Timotey\u0259 2:5; Yarad\u0131l\u0131\u015f 1:26; Z\u0259bur 45:6-7;<br \/>Z\u0259bur 110:1; Matta 3:13-17; Matta 28:17-20; 1 Korinflil\u0259r\u0259 12:4-6.<br \/>&#8212;-<br \/>3. Biz h\u0259r \u015feyin Allah\u0131n izz\u0259ti \u00fc\u00e7\u00fcn m\u00f6vcud oldu\u011funa inan\u0131r\u0131q.<br \/>Z\u0259bur 148; S\u00fcleyman\u0131n M\u0259s\u0259ll\u0259ri 16:4; Ye\u015faya 61:3; Romal\u0131lara 11:33-36;<br \/>1Korinflil\u0259r\u0259 10:31; 2Korinflil\u0259r\u0259 5:15; Efeslil\u0259r\u0259 1:3-14.<br \/>&#8212;-<br \/>4. Biz \u0130sa M\u0259sihin Ataya b\u0259rab\u0259r oldu\u011funa, Tanr\u0131n\u0131n \u0259b\u0259di O\u011flu oldu\u011funa, yer \u00fcz\u00fcnd\u0259 insanlar\u0131n xilas etm\u0259k missiyas\u0131n\u0131 yerin\u0259 yetirm\u0259k m\u0259qs\u0259di il\u0259 bakir\u0259 M\u0259ry\u0259md\u0259n do\u011fuldu\u011funa v\u0259 eyni zamanda tam Tanr\u0131 v\u0259 tam insan oldu\u011funa inan\u0131r\u0131q.<br \/>Matta 1:20; Luka 2:52; Y\u0259hya 1:1-4; Koloselil\u0259r\u0259 1:15-20; \u0130branil\u0259r\u0259 1:1-3.<br \/>&#8212;-<br \/>5. Biz, \u0130sa M\u0259sihin g\u00fcnah\u0131 \u00f6d\u0259m\u0259k v\u0259 insanla Tanr\u0131 aras\u0131ndak\u0131 d\u00fczg\u00fcn m\u00fcnasib\u0259tl\u0259ri b\u0259rpa etm\u0259k \u00fc\u00e7\u00fcn qurban \u0259v\u0259zi olaraq \u00f6ld\u00fcy\u00fcn\u0259, fiziki olaraq \u00f6l\u00fcl\u0259rd\u0259n dirildiyin\u0259, \u00f6l\u00fcm\u0259 qalib g\u0259ldiyin\u0259, g\u00f6yl\u0259r\u0259 ucald\u0131\u011f\u0131na v\u0259 bir g\u00fcn qay\u0131daca\u011f\u0131na inan\u0131r\u0131q. \u0130sa M\u0259sih Ataya h\u00f6rm\u0259t etm\u0259k \u00fc\u00e7\u00fcn \u00f6z\u00fcn\u00fc al\u00e7altmaqla, Ata t\u0259r\u0259find\u0259n h\u00f6rm\u0259t v\u0259 izz\u0259t qazan\u0131b.<br \/>Y\u0259hya 1:29; 10:1-18; Romal\u0131lara 5:8; 1Korinflil\u0259r\u0259 15:1-4;<br \/>2Korinflil\u0259r\u0259 5:21; Qalatiyal\u0131lara 1:4; 1Peter 3:18; Matta 28:1-20; <br \/>Mark 16:1-8; Luka 24:1-53; Y\u0259hya 14:3; 1Korinflil\u0259r\u0259 15:12-34; H\u0259varil\u0259rin i\u015fl\u0259ri 1:11; 1Saloniklil\u0259r\u0259 4:16; \u0130branil\u0259r\u0259 9:28; 1Y\u0259hya 3:2; V\u0259hy 1:7; Filipilil\u0259r 2:5-11.<br \/>&#8212;-<br \/>6. Biz, M\u00fcq\u0259dd\u0259s Ruhun Ata v\u0259 O\u011ful il\u0259 b\u0259rab\u0259r oldu\u011funa inan\u0131r\u0131q.<br \/>O, g\u00fcnah\u0131 if\u015fa etm\u0259k v\u0259 insanlar\u0131n M\u0259sih\u0259 ehtiyaclar\u0131 oldu\u011funu ba\u015fa d\u00fc\u015fm\u0259kd\u0259 onlara k\u00f6m\u0259k etm\u0259k \u00fc\u00e7\u00fcn bu d\u00fcnyadad\u0131r. Xilas oldu\u011fu andan etibar\u0259n, O h\u0259r bir m\u0259sih\u00e7id\u0259 ya\u015fay\u0131r, onlara ya\u015famaq \u00fc\u00e7\u00fcn g\u00fcc verir, ruhani h\u0259qiq\u0259tl\u0259ri d\u0259rk etm\u0259y\u0259 k\u00f6m\u0259k edir, M\u0259sih\u0259 b\u0259nz\u0259r h\u0259yat ya\u015famalar\u0131 \u00fc\u00e7\u00fcn onlara r\u0259hb\u0259rlik edir.<br \/>2 Korinflil\u0259r\u0259 3:17; Y\u0259hya 16:7-13; Y\u0259hya 14:16-17;<br \/>H\u0259varil\u0259rin i\u015fl\u0259ri 1:8; 1Korinflil\u0259r\u0259 2:12.<br \/>&#8212;-<br \/>7. Biz, Tanr\u0131n\u0131n yarad\u0131l\u0131\u015f\u0131n\u0131n incisi olaraq, insan\u0131n Tanr\u0131n\u0131n sur\u0259tind\u0259 yarad\u0131ld\u0131\u011f\u0131na inan\u0131r\u0131q. Lakin bu sur\u0259t, Tanr\u0131ya qar\u015f\u0131 i\u015fl\u0259nmi\u015f g\u00fcnahl\u0131 m\u00fcnasib\u0259tl\u0259 l\u0259k\u0259l\u0259ndi. Bu m\u00fcnasib\u0259t h\u0259m do\u011fulu\u015fdan, h\u0259m d\u0259 \u0259m\u0259ll\u0259rimizl\u0259 bizi Tanr\u0131dan ay\u0131r\u0131r. <br \/>Yarad\u0131l\u0131\u015f 1:27; Yarad\u0131l\u0131\u015f 6:5; Z\u0259bur 8:3-6; Z\u0259bur 51:5; Yeremya 17:9; Ye\u015faya 53:6; Romal\u0131lara 3:23; 5:8;12-21; 7:18; Efeslil\u0259r\u0259 2:1-3.<br \/>&#8212;-<br \/><span style=\"font-size: 1.143rem;\">8. Biz, insan\u0131n \u0259b\u0259di m\u00f6vcud olmaq \u00fc\u00e7\u00fcn yarad\u0131ld\u0131\u011f\u0131na inan\u0131r\u0131q. \u0130nsan ya g\u00fcnahla Tanr\u0131dan ayr\u0131lm\u0131\u015f, ya da M\u0259sihin tamamlanm\u0131\u015f i\u015fin\u0259 iman say\u0259sind\u0259 ba\u011f\u0131\u015flanma v\u0259 sat\u0131nal\u0131nma yolu il\u0259 Tanr\u0131 il\u0259 birl\u0259\u015f\u0259r\u0259k sonsuza q\u0259d\u0259r m\u00f6vcud olacaqd\u0131r. G\u00fcnaha g\u00f6r\u0259 layiqli c\u0259za v\u0259 n\u0259tic\u0259 &#8211; fiziki v\u0259 ruhani \u00f6l\u00fcmd\u00fcr.<\/span><\/p><p>Yarad\u0131l\u0131\u015f 2:15-17; Yarad\u0131l\u0131\u015f 3:19; Romal\u0131lara 3:23; 5:12; 6:23;<br \/>Yaqub 1:14-15; V\u0259hy 20:15; Matta 13:49-50; V\u0259hy 2:10-11; V\u0259hy 21:7-8.<br \/>&#8212;-<br \/>9. Biz, Xilas\u0131n Tanr\u0131n\u0131n insana b\u0259x\u015f etdiyi bir h\u0259diyy\u0259 oldu\u011funa inan\u0131r\u0131q. \u0130nsan he\u00e7 vaxt \u00f6z\u00fcn\u00fc inki\u015faf etdirm\u0259k v\u0259 ya yax\u015f\u0131 i\u015fl\u0259r g\u00f6rm\u0259kl\u0259 g\u00fcnah\u0131n\u0131 d\u00fcz\u0259ld\u0259 bilm\u0259z. Yaln\u0131z Allah\u0131n l\u00fctf\u00fc il\u0259, \u0130sa M\u0259sihin \u015f\u0259xsiyy\u0259tin\u0259 v\u0259 i\u015fin\u0259 inam v\u0259 g\u00fcnahdan t\u00f6vb\u0259 etm\u0259kl\u0259 g\u00fcnah\u0131n \u00fcz\u0259rimizd\u0259 h\u00f6kmranl\u0131\u011f\u0131ndan v\u0259 n\u0259tic\u0259l\u0259rind\u0259n xilas olmaq, Tanr\u0131 il\u0259 bar\u0131\u015fmaq v\u0259 \u0259b\u0259di h\u0259yat\u0131 miras almaq m\u00fcmk\u00fcnd\u00fcr.<br \/>Y\u0259hya 1:12; 3:16,18; 10:29; 14:6; Efeslil\u0259r\u0259 2:8-9; H\u0259varil\u0259rin i\u015fl\u0259ri 4:12; Romal\u0131lara 3:21-26; 5:1; Qalatiyal\u0131lara 3:26; 1Timotey\u0259 2:5-6; Titus 3:5.<br \/>&#8212;-<br \/>10. Biz, Kils\u0259nin M\u0259sihin B\u0259d\u0259ni oldu\u011funa inan\u0131r\u0131q v\u0259 onun ba\u015f\u0131 \u0130sa M\u0259sihdir. (Efeslil\u0259r\u0259 1:22-23). Bu kils\u0259, \u00f6z icmas\u0131nda v\u0259 mill\u0259tl\u0259r aras\u0131nda Allah\u0131n izz\u0259ti \u00fc\u00e7\u00fcn H\u0259varil\u0259rin \u0130\u015fl\u0259ri 2:42-ci ay\u0259ni m\u0259qs\u0259dy\u00f6nl\u00fc t\u0259tbiq ed\u0259n imanl\u0131lar toplusudur.<\/p><p>Kils\u0259 &#8211; \u0259vv\u0259lc\u0259 m\u00fc\u0259yy\u0259n m\u0259rh\u0259l\u0259l\u0259rd\u0259n ke\u00e7\u0259n, ba\u015flan\u011f\u0131cda onu yaradan kils\u0259d\u0259n as\u0131l\u0131 olan, sonra m\u00fcst\u0259qil yetkinliy\u0259 do\u011fru h\u0259r\u0259k\u0259t ed\u0259n (\u00f6z\u00fcn\u00fc t\u0259min ed\u0259n) canl\u0131 bir c\u0259miyy\u0259tdir. Bu s\u0259yah\u0259t zaman\u0131 kils\u0259 daha m\u00fct\u0259\u015f\u0259kkil, sabit, t\u0259sir ed\u0259n v\u0259 ba\u015fqa kils\u0259l\u0259r yarada (t\u0259m\u0259lini qoya) bil\u0259n olur.<br \/>Kils\u0259nin m\u0259qs\u0259di &#8211; Allah\u0131n Pad\u015fahl\u0131\u011f\u0131n\u0131n ger\u00e7\u0259kliyini n\u00fcmayi\u015f etdirm\u0259k, Onu sev\u0259r\u0259k Allah\u0131 izz\u0259tl\u0259ndirm\u0259k, \u015fagird yeti\u015fdirm\u0259k v\u0259 Xo\u015f X\u0259b\u0259ri v\u0259z etm\u0259kdir.<br \/>1Korinflil\u0259r\u0259 12:12-27; H\u0259varil\u0259rin i\u015fl\u0259ri 1:8; 4:2; Mark 16:15-16.<\/p>\t\t\t\t\t\t\t\t<\/div>\n\t\t\t\t<\/div>\n\t\t\t\t<div class=\"elementor-element elementor-element-edc8806 elementor-widget elementor-widget-spacer\" data-id=\"edc8806\" data-element_type=\"widget\" data-e-type=\"widget\" data-widget_type=\"spacer.default\">\n\t\t\t\t<div class=\"elementor-widget-container\">\n\t\t\t\t\t\t\t<div class=\"elementor-spacer\">\n\t\t\t<div class=\"elementor-spacer-inner\"><\/div>\n\t\t<\/div>\n\t\t\t\t\t\t<\/div>\n\t\t\t\t<\/div>\n\t\t\t\t<div class=\"elementor-element elementor-element-a5cfce1 elementor-widget elementor-widget-text-editor\" data-id=\"a5cfce1\" data-element_type=\"widget\" data-e-type=\"widget\" data-widget_type=\"text-editor.default\">\n\t\t\t\t<div class=\"elementor-widget-container\">\n\t\t\t\t\t\t\t\t\t<p>G\u00f6r\u00fcnt\u00fcm\u00fcz<\/p><p>Az\u0259rbaycanda v\u0259 d\u00fcnyada olan dig\u0259r xalqlar aras\u0131nda, \u0130sa M\u0259sih bar\u0259d\u0259 xo\u015f x\u0259b\u0259ri yayaraq iman ed\u0259nl\u0259r il\u0259 birg\u0259 \u0130sa M\u0259sihin Ali tap\u015f\u0131r\u0131\u011f\u0131n\u0131 yerin\u0259 yetirm\u0259k m\u0259qs\u0259di il\u0259 Matta 28:19-20 \u0259sas\u0259n, Allah\u0131n izz\u0259ti \u00fc\u00e7\u00fcn M\u0259sihin t\u00f6r\u0259y\u0259n c\u0259miyy\u0259tl\u0259rini yarad\u0131r\u0131q.. Rom.15:6.<\/p><p>Missiyam\u0131z<\/p><p>5.1 Yarad\u0131lm\u0131\u015f kils\u0259l\u0259r\u0259 ruhan\u0131, m\u0259n\u0259vi d\u0259st\u0259k ver\u0259r\u0259k t\u0259yinatlar\u0131n\u0131 icra etm\u0259l\u0259ri \u00fc\u00e7\u00fcn Biblik t\u0259hsil il\u0259 t\u0259min edirik. \u0130man h\u0259yat\u0131n\u0131 t\u0259kmill\u0259\u015fdirm\u0259k m\u0259qs\u0259di il\u0259 t\u0259liml\u0259r, seminarlar, konfranslar t\u0259\u015fkil ed\u0259r\u0259k yeni xidm\u0259t\u00e7il\u0259rin \u0130sa M\u0259sih\u0259 xidm\u0259t etm\u0259l\u0259ri m\u0259qs\u0259di il\u0259 t\u0259hciz edirik.<br \/>Denominasiyas\u0131ndan as\u0131l\u0131 olmayaraq dig\u0259r m\u00fcjd\u0259\u00e7i kils\u0259l\u0259r v\u0259 t\u0259\u015fkilatlar il\u0259 dostluq edir v\u0259 kils\u0259 quruculu\u011fundan savay\u0131, dig\u0259r sah\u0259l\u0259rd\u0259 \u0259m\u0259kda\u015fl\u0131q m\u00fcnasib\u0259tl\u0259rini saxlay\u0131r\u0131q.<br \/>5.2 Alov Kils\u0259l\u0259r Birliyi t\u00f6r\u0259y\u0259n kils\u0259l\u0259r strukturu il\u0259 xidm\u0259tini icra edir.<br \/>5.3 Alov Kils\u0259l\u0259r Birliyiaktiv olaraq ictimai xeyriyy\u0259 i\u015fl\u0259ri il\u0259 m\u0259\u015f\u011ful olur. U\u015faq evl\u0259ri, internatlar, qocalar evi, h\u0259bsxanalar, reabilitasiya m\u0259rk\u0259zl\u0259ri, m\u00fcalic\u0259y\u0259 v\u0259 ya maddi-texniki d\u0259st\u0259y\u0259 ehtiyac\u0131 olanlara xidm\u0259t g\u00f6st\u0259rir.<br \/>5.4 Alov Kils\u0259l\u0259r Birliyi k\u00fctl\u0259vi informasiya vasit\u0259l\u0259ri il\u0259, internet \u015f\u0259b\u0259k\u0259sind\u0259 M\u00fcjd\u0259 i\u015fini icra edir.<\/p>\t\t\t\t\t\t\t\t<\/div>\n\t\t\t\t<\/div>\n\t\t\t\t\t<\/div>\n\t\t<\/div>\n\t\t\t\t\t<\/div>\n\t\t<\/section>\n\t\t\t\t<\/div>","protected":false},"excerpt":{"rendered":"<p>\u0130sa M\u0259sihi h\u0259yat\u0131na Xilaskar olaraq x\u0259bul ed\u0259nl\u0259rin iman etiraf\u0131: 1. G\u00f6y\u00fcn v\u0259 yerin Qadir Yaradan\u0131 olan Ata Allaha iman edir\u0259m.2. Allah\u0131n Vahid O\u011flu, R\u0259bbimiz \u0130sa M\u0259sih\u0259 iman edir\u0259m.3. O, M\u00fcq\u0259dd\u0259s Ruhdan hamil\u0259 qalm\u0131\u015f Bakir\u0259 M\u0259ry\u0259m t\u0259r\u0259find\u0259n do\u011fulmu\u015fdur.4. O, Ponti&hellip;<\/p>","protected":false},"author":3,"featured_media":3008,"parent":0,"menu_order":0,"comment_status":"closed","ping_status":"closed","template":"","meta":{"give_campaign_id":0,"_price":"","_stock":"","_tribe_ticket_header":"","_tribe_default_ticket_provider":"","_ticket_start_date":"","_ticket_end_date":"","_tribe_ticket_show_description":"","_tribe_ticket_show_not_going":false,"_tribe_ticket_use_global_stock":"","_tribe_ticket_global_stock_level":"","_global_stock_mode":"","_global_stock_cap":"","_tribe_rsvp_for_event":"","_tribe_ticket_going_count":"","_tribe_ticket_not_going_count":"","_tribe_tickets_list":"[]","_tribe_ticket_has_attendee_info_fields":false,"footnotes":"","_tec_slr_enabled":"","_tec_slr_layout":""},"class_list":["post-4162","page","type-page","status-publish","has-post-thumbnail","hentry"],"campaignId":"","ticketed":false,"_links":{"self":[{"href":"https:\/\/xilasinyolu.online\/ru\/wp-json\/wp\/v2\/pages\/4162","targetHints":{"allow":["GET"]}}],"collection":[{"href":"https:\/\/xilasinyolu.online\/ru\/wp-json\/wp\/v2\/pages"}],"about":[{"href":"https:\/\/xilasinyolu.online\/ru\/wp-json\/wp\/v2\/types\/page"}],"author":[{"embeddable":true,"href":"https:\/\/xilasinyolu.online\/ru\/wp-json\/wp\/v2\/users\/3"}],"replies":[{"embeddable":true,"href":"https:\/\/xilasinyolu.online\/ru\/wp-json\/wp\/v2\/comments?post=4162"}],"version-history":[{"count":35,"href":"https:\/\/xilasinyolu.online\/ru\/wp-json\/wp\/v2\/pages\/4162\/revisions"}],"predecessor-version":[{"id":4593,"href":"https:\/\/xilasinyolu.online\/ru\/wp-json\/wp\/v2\/pages\/4162\/revisions\/4593"}],"wp:featuredmedia":[{"embeddable":true,"href":"https:\/\/xilasinyolu.online\/ru\/wp-json\/wp\/v2\/media\/3008"}],"wp:attachment":[{"href":"https:\/\/xilasinyolu.online\/ru\/wp-json\/wp\/v2\/media?parent=4162"}],"curies":[{"name":"wp","href":"https:\/\/api.w.org\/{rel}","templated":true}]}}